{"id":752,"date":"2025-09-19T08:51:54","date_gmt":"2025-09-19T08:51:54","guid":{"rendered":"https:\/\/demo.awaikenthemes.com\/denture\/?page_id=752"},"modified":"2026-01-02T11:31:01","modified_gmt":"2026-01-02T11:31:01","slug":"iletisim","status":"publish","type":"page","link":"https:\/\/www.marasdurudis.com\/?page_id=752","title":{"rendered":"\u0130leti\u015fim"},"content":{"rendered":"\t\t<div data-elementor-type=\"wp-page\" data-elementor-id=\"752\" class=\"elementor elementor-752\">\n\t\t\t\t<div class=\"elementor-element elementor-element-20f429c e-flex e-con-boxed e-con e-parent\" data-id=\"20f429c\" data-element_type=\"container\" data-e-type=\"container\">\n\t\t\t\t\t<div class=\"e-con-inner\">\n\t\t<div class=\"elementor-element elementor-element-a0c0632 page-header-section e-flex e-con-boxed e-con e-child\" data-id=\"a0c0632\" data-element_type=\"container\" data-e-type=\"container\" data-settings=\"{&quot;background_background&quot;:&quot;classic&quot;}\">\n\t\t\t\t\t<div class=\"e-con-inner\">\n\t\t\t\t<div class=\"elementor-element elementor-element-96229bc elementor-absolute page-heading-image-2 at-image-animation at-animation-image-none at-none elementor-widget elementor-widget-image\" data-id=\"96229bc\" data-element_type=\"widget\" data-e-type=\"widget\" data-settings=\"{&quot;_position&quot;:&quot;absolute&quot;,&quot;ekit_we_effect_on&quot;:&quot;none&quot;}\" data-widget_type=\"image.default\">\n\t\t\t\t\t\t\t\t\t\t\t\t\t\t\t<img decoding=\"async\" width=\"180\" height=\"180\" src=\"https:\/\/www.marasdurudis.com\/wp-content\/uploads\/2025\/09\/hero-character-img-2.png\" class=\"attachment-full size-full wp-image-1121\" alt=\"\" srcset=\"https:\/\/www.marasdurudis.com\/wp-content\/uploads\/2025\/09\/hero-character-img-2.png 180w, https:\/\/www.marasdurudis.com\/wp-content\/uploads\/2025\/09\/hero-character-img-2-150x150.png 150w\" sizes=\"(max-width: 180px) 100vw, 180px\" \/>\t\t\t\t\t\t\t\t\t\t\t\t\t\t\t<\/div>\n\t\t<div class=\"elementor-element elementor-element-5a16e21 e-con-full e-flex e-con e-child\" data-id=\"5a16e21\" data-element_type=\"container\" data-e-type=\"container\">\n\t\t\t\t<div class=\"elementor-element elementor-element-8e7941e at-heading-animation at-animation-heading-style-3 elementor-widget elementor-widget-heading\" data-id=\"8e7941e\" data-element_type=\"widget\" data-e-type=\"widget\" data-settings=\"{&quot;ekit_we_effect_on&quot;:&quot;none&quot;}\" data-widget_type=\"heading.default\">\n\t\t\t\t\t<h1 class=\"elementor-heading-title elementor-size-default\">\u0130leti\u015fim<\/h1>\t\t\t\t<\/div>\n\t\t\t\t<div class=\"elementor-element elementor-element-25d1c4c elementor-invisible elementor-widget elementor-widget-denture-breadcrumb\" data-id=\"25d1c4c\" data-element_type=\"widget\" data-e-type=\"widget\" data-settings=\"{&quot;_animation&quot;:&quot;fadeInUp&quot;,&quot;ekit_we_effect_on&quot;:&quot;none&quot;}\" data-widget_type=\"denture-breadcrumb.default\">\n\t\t\t\t<div class=\"elementor-widget-container\">\n\t\t\t\t\t<div role=\"navigation\" aria-label=\"Breadcrumbs\" class=\"breadcrumb-trail breadcrumbs\"><ol class=\"trail-items\"><li class=\"trail-item trail-end\"><a href=\"https:\/\/www.marasdurudis.com\" rel=\"home\"><span>Anasayfa<\/span><\/a><\/li><\/ol><\/div>\t\t\t\t<\/div>\n\t\t\t\t<\/div>\n\t\t\t\t<\/div>\n\t\t\t\t\t<\/div>\n\t\t\t\t<\/div>\n\t\t\t\t\t<\/div>\n\t\t\t\t<\/div>\n\t\t<div class=\"elementor-element elementor-element-01ace85 e-flex e-con-boxed e-con e-parent\" data-id=\"01ace85\" data-element_type=\"container\" data-e-type=\"container\">\n\t\t\t\t\t<div class=\"e-con-inner\">\n\t\t<div class=\"elementor-element elementor-element-5bdda85 e-con-full e-flex e-con e-child\" data-id=\"5bdda85\" data-element_type=\"container\" data-e-type=\"container\">\n\t\t\t\t<div class=\"elementor-element elementor-element-b93bd90 section-title at-heading-animation at-animation-heading-none elementor-invisible elementor-widget elementor-widget-heading\" data-id=\"b93bd90\" data-element_type=\"widget\" data-e-type=\"widget\" data-settings=\"{&quot;_animation&quot;:&quot;fadeInUp&quot;,&quot;ekit_we_effect_on&quot;:&quot;none&quot;}\" data-widget_type=\"heading.default\">\n\t\t\t\t\t<h3 class=\"elementor-heading-title elementor-size-default\">Duru A\u011f\u0131z ve Di\u015f Sa\u011fl\u0131\u011f\u0131 Poliklini\u011fi<\/h3>\t\t\t\t<\/div>\n\t\t\t\t<div class=\"elementor-element elementor-element-c223106 at-heading-animation at-animation-heading-style-3 elementor-widget elementor-widget-heading\" data-id=\"c223106\" data-element_type=\"widget\" data-e-type=\"widget\" data-settings=\"{&quot;ekit_we_effect_on&quot;:&quot;none&quot;}\" data-widget_type=\"heading.default\">\n\t\t\t\t\t<h2 class=\"elementor-heading-title elementor-size-default\">\u0130leti\u015fime Ge\u00e7in ve Bir Sonraki Randevunuzu Planlay\u0131n<\/h2>\t\t\t\t<\/div>\n\t\t\t\t<div class=\"elementor-element elementor-element-b4854d6 elementor-invisible elementor-widget elementor-widget-text-editor\" data-id=\"b4854d6\" data-element_type=\"widget\" data-e-type=\"widget\" data-settings=\"{&quot;_animation&quot;:&quot;fadeInUp&quot;,&quot;_animation_delay&quot;:100,&quot;ekit_we_effect_on&quot;:&quot;none&quot;}\" data-widget_type=\"text-editor.default\">\n\t\t\t\t\t\t\t\t\t<p>Sorular\u0131n\u0131z, dan\u0131\u015fmak istedi\u011finiz konular veya randevu talepleriniz i\u00e7in bizimle ileti\u015fime ge\u00e7ebilirsiniz. Ekibimiz; telefon, e-posta veya ileti\u015fim formu \u00fczerinden size yard\u0131mc\u0131 olmaya haz\u0131rd\u0131r.<\/p>\t\t\t\t\t\t\t\t<\/div>\n\t\t\t\t<div class=\"elementor-element elementor-element-e844d34 elementor-invisible elementor-widget elementor-widget-elementskit-contact-form7\" data-id=\"e844d34\" data-element_type=\"widget\" data-e-type=\"widget\" data-settings=\"{&quot;_animation&quot;:&quot;fadeInUp&quot;,&quot;_animation_delay&quot;:200,&quot;ekit_we_effect_on&quot;:&quot;none&quot;}\" data-widget_type=\"elementskit-contact-form7.default\">\n\t\t\t\t\t<div class=\"ekit-wid-con\" ><div class=\"ekit-form\">\n<div class=\"wpcf7 no-js\" id=\"wpcf7-f1572-o1\" lang=\"en-US\" dir=\"ltr\" data-wpcf7-id=\"1572\">\n<div class=\"screen-reader-response\"><p role=\"status\" aria-live=\"polite\" aria-atomic=\"true\"><\/p> <ul><\/ul><\/div>\n<form action=\"\/index.php?rest_route=%2Fwp%2Fv2%2Fpages%2F752#wpcf7-f1572-o1\" method=\"post\" class=\"wpcf7-form init\" aria-label=\"Contact form\" novalidate=\"novalidate\" data-status=\"init\">\n<fieldset class=\"hidden-fields-container\"><input type=\"hidden\" name=\"_wpcf7\" value=\"1572\" \/><input type=\"hidden\" name=\"_wpcf7_version\" value=\"6.1.5\" \/><input type=\"hidden\" name=\"_wpcf7_locale\" value=\"en_US\" \/><input type=\"hidden\" name=\"_wpcf7_unit_tag\" value=\"wpcf7-f1572-o1\" \/><input type=\"hidden\" name=\"_wpcf7_container_post\" value=\"0\" \/><input type=\"hidden\" name=\"_wpcf7_posted_data_hash\" value=\"\" \/>\n<\/fieldset>\n<div class=\"row\">\n\t<div class=\"form-group col-md-6 mb-4\">\n\t\t<p><label> Ad * <\/label><br \/>\n<span class=\"wpcf7-form-control-wrap\" data-name=\"first-name\"><input size=\"40\" maxlength=\"400\" class=\"wpcf7-form-control wpcf7-text wpcf7-validates-as-required form-control\" id=\"name\" aria-required=\"true\" aria-invalid=\"false\" placeholder=\"Ad\u0131n\u0131z\u0131 Girin *\" value=\"\" type=\"text\" name=\"first-name\" \/><\/span>\n\t\t<\/p>\n\t<\/div>\n\t<div class=\"form-group col-md-6 mb-4\">\n\t\t<p><label> Soyad * <\/label><br \/>\n<span class=\"wpcf7-form-control-wrap\" data-name=\"last-name\"><input size=\"40\" maxlength=\"400\" class=\"wpcf7-form-control wpcf7-text wpcf7-validates-as-required form-control\" aria-required=\"true\" aria-invalid=\"false\" placeholder=\"Soyad\u0131n\u0131z\u0131 Girin *\" value=\"\" type=\"text\" name=\"last-name\" \/><\/span>\n\t\t<\/p>\n\t<\/div>\n\t<div class=\"form-group col-md-6 mb-4\">\n\t\t<p><label> E-posta Adresi * <\/label><br \/>\n<span class=\"wpcf7-form-control-wrap\" data-name=\"email\"><input size=\"40\" maxlength=\"400\" class=\"wpcf7-form-control wpcf7-email wpcf7-validates-as-required wpcf7-text wpcf7-validates-as-email form-control\" id=\"email\" aria-required=\"true\" aria-invalid=\"false\" placeholder=\"E-posta Adresinizi Girin *\" value=\"\" type=\"email\" name=\"email\" \/><\/span>\n\t\t<\/p>\n\t<\/div>\n\t<div class=\"form-group col-md-6 mb-4\">\n\t\t<p><label> Telefon Numaras\u0131 * <\/label><br \/>\n<span class=\"wpcf7-form-control-wrap\" data-name=\"phone\"><input size=\"40\" maxlength=\"400\" class=\"wpcf7-form-control wpcf7-text wpcf7-validates-as-required form-control\" id=\"phone\" aria-required=\"true\" aria-invalid=\"false\" placeholder=\"Telefon Numaran\u0131z\u0131 Girin *\" value=\"\" type=\"text\" name=\"phone\" \/><\/span>\n\t\t<\/p>\n\t<\/div>\n\t<div class=\"form-group col-md-12 mb-4\">\n\t\t<p><label> Mesaj\u0131n\u0131z <\/label><br \/>\n<span class=\"wpcf7-form-control-wrap\" data-name=\"message\"><textarea cols=\"40\" rows=\"10\" maxlength=\"2000\" class=\"wpcf7-form-control wpcf7-textarea form-control\" id=\"msg\" aria-invalid=\"false\" placeholder=\"Mesaj\u0131n\u0131z\u0131 Yaz\u0131n...\" name=\"message\"><\/textarea><\/span>\n\t\t<\/p>\n\t<\/div>\n\t<div class=\"col-md-12 form-btn\">\n\t\t<p><input class=\"wpcf7-form-control wpcf7-submit has-spinner\" id=\"msgSubmit\" type=\"submit\" value=\"Mesaj G\u00f6nder\" \/>\n\t\t<\/p>\n\t<\/div>\n<\/div><div class=\"wpcf7-response-output\" aria-hidden=\"true\"><\/div>\n<\/form>\n<\/div>\n<\/div><\/div>\t\t\t\t<\/div>\n\t\t\t\t<\/div>\n\t\t<div class=\"elementor-element elementor-element-c72d0b3 e-con-full e-flex e-con e-child\" data-id=\"c72d0b3\" data-element_type=\"container\" data-e-type=\"container\">\n\t\t<div class=\"elementor-element elementor-element-9f989f9 e-con-full e-flex e-con e-child\" data-id=\"9f989f9\" data-element_type=\"container\" data-e-type=\"container\" data-settings=\"{&quot;background_background&quot;:&quot;classic&quot;}\">\n\t\t<div class=\"elementor-element elementor-element-2abd35a e-con-full e-flex e-con e-child\" data-id=\"2abd35a\" data-element_type=\"container\" data-e-type=\"container\">\n\t\t\t\t<div class=\"elementor-element elementor-element-f5b4f46 elementor-widget__width-initial elementor-widget-mobile__width-inherit ekit-equal-height-disable elementor-widget elementor-widget-elementskit-icon-box\" data-id=\"f5b4f46\" data-element_type=\"widget\" data-e-type=\"widget\" data-settings=\"{&quot;ekit_we_effect_on&quot;:&quot;none&quot;}\" data-widget_type=\"elementskit-icon-box.default\">\n\t\t\t\t\t<div class=\"ekit-wid-con\" >        <!-- link opening -->\n                <a href=\"tel:+789345601\" class=\"ekit_global_links\">\n                <!-- end link opening -->\n\n        <div class=\"elementskit-infobox text-left text-left icon-lef-right-aligin elementor-animation- media  \">\n                    <div class=\"elementskit-box-header elementor-animation-\">\n                <div class=\"elementskit-info-box-icon  text-center\">\n                    <svg xmlns=\"http:\/\/www.w3.org\/2000\/svg\" width=\"30\" height=\"30\" viewBox=\"0 0 30 30\" fill=\"currentColor\"><path d=\"M11.2428 7.41406C11.2428 7.01153 11.0852 6.62495 10.8043 6.33691L6.73889 2.27148C6.44665 1.98596 6.05373 1.82617 5.64514 1.82617C5.23673 1.82629 4.84449 1.98607 4.55237 2.27148L3.62073 3.22461L3.61194 3.2334C2.61676 4.21539 1.98942 5.51067 1.83655 6.90039C1.68393 8.28827 2.01334 9.68651 2.76916 10.8604C7.1474 17.3101 12.7167 22.8647 19.1774 27.2266L19.4 27.3643C20.5268 28.0244 21.8385 28.3053 23.1412 28.1621C24.531 28.0092 25.8263 27.3828 26.8082 26.3877L26.818 26.3779L27.7711 25.4443C28.0557 25.1523 28.2154 24.7614 28.2155 24.3535C28.2155 23.9448 28.0559 23.552 27.7701 23.2598H27.7692L23.6881 19.2207L23.5748 19.1201C23.3017 18.8998 22.96 18.7783 22.6061 18.7783C22.2016 18.7784 21.8133 18.9373 21.525 19.2207L21.5231 19.2217C20.9505 19.7812 20.1821 20.0947 19.3815 20.0947C18.5808 20.0947 17.8115 19.7813 17.2389 19.2217L10.8043 12.7871V12.7861C10.5924 12.5764 10.4124 12.3375 10.2711 12.0762L10.1422 11.8057C9.98753 11.4362 9.90789 11.0398 9.90784 10.6396C9.90784 10.2392 9.98744 9.84229 10.1422 9.47266L10.2711 9.20215C10.4134 8.93901 10.5944 8.69805 10.8082 8.4873C11.0866 8.19968 11.2428 7.81473 11.2428 7.41406ZM12.7428 7.41406C12.7428 8.21187 12.429 8.97781 11.8697 9.54688L11.861 9.55566C11.7532 9.66189 11.6621 9.78341 11.5905 9.91602L11.526 10.0518C11.4482 10.2376 11.4078 10.4379 11.4078 10.6396C11.4079 10.8412 11.4482 11.0407 11.526 11.2266L11.5905 11.3623C11.6621 11.4949 11.7532 11.6165 11.861 11.7227L18.2877 18.1494L18.402 18.25C18.6786 18.4722 19.0238 18.5947 19.3815 18.5947C19.7894 18.5947 20.181 18.4353 20.4733 18.1504C21.0422 17.5912 21.8084 17.2784 22.6061 17.2783C23.4038 17.2783 24.1699 17.5913 24.7389 18.1504L24.7408 18.1523L28.8336 22.2021L28.8424 22.2109C29.4022 22.7835 29.7155 23.5528 29.7155 24.3535C29.7154 25.1543 29.4022 25.9236 28.8424 26.4961C28.8386 26.5 28.8346 26.504 28.8307 26.5078L27.8668 27.4502C26.6439 28.6853 25.0332 29.4631 23.3053 29.6533C21.5732 29.8437 19.8282 29.4321 18.3639 28.4873C18.3596 28.4845 18.3554 28.4814 18.3512 28.4785C11.7233 24.0062 6.01056 18.3087 1.52112 11.6924C1.5179 11.6876 1.51446 11.6825 1.51135 11.6777C0.566776 10.2134 0.155797 8.46843 0.346312 6.73633C0.536861 5.00407 1.31775 3.39005 2.55823 2.16602L3.49182 1.21094L3.50354 1.19922C4.07596 0.639643 4.84465 0.326295 5.64514 0.326172C6.44582 0.326172 7.21519 0.639524 7.78772 1.19922L11.8697 5.28125C12.429 5.85028 12.7428 6.61628 12.7428 7.41406Z\"><\/path><\/svg>\n                <\/div>\n          <\/div>\n                        <div class=\"box-body\">\n                            <h3 class=\"elementskit-info-box-title\">\n                    Telefon                <\/h3>\n                        \t\t  \t<p>+90 551 637 49 89<\/p>\n                                <\/div>\n        \n        \n                <\/div>\n                <\/a>\n        <\/div>\t\t\t\t<\/div>\n\t\t\t\t<div class=\"elementor-element elementor-element-8853cca elementor-widget__width-initial elementor-widget-mobile__width-inherit ekit-equal-height-disable elementor-widget elementor-widget-elementskit-icon-box\" data-id=\"8853cca\" data-element_type=\"widget\" data-e-type=\"widget\" data-settings=\"{&quot;ekit_we_effect_on&quot;:&quot;none&quot;}\" data-widget_type=\"elementskit-icon-box.default\">\n\t\t\t\t\t<div class=\"ekit-wid-con\" >        <!-- link opening -->\n                <a href=\"mailto:domain@gmail.com\" class=\"ekit_global_links\">\n                <!-- end link opening -->\n\n        <div class=\"elementskit-infobox text-left text-left icon-lef-right-aligin elementor-animation- media  \">\n                    <div class=\"elementskit-box-header elementor-animation-\">\n                <div class=\"elementskit-info-box-icon  text-center\">\n                    <svg xmlns=\"http:\/\/www.w3.org\/2000\/svg\" width=\"20\" height=\"16\" viewBox=\"0 0 20 16\" fill=\"currentColor\"><path d=\"M18.7861 1.92871C18.7861 1.41588 18.3703 1 17.8574 1H2.14355C1.63071 1 1.21484 1.41588 1.21484 1.92871V14.0713C1.21484 14.5842 1.63072 15 2.14355 15H17.8574C18.3703 15 18.7861 14.5841 18.7861 14.0713V1.92871ZM19.7861 14.0713C19.7861 15.1364 18.9226 16 17.8574 16H2.14355C1.07843 16 0.214844 15.1364 0.214844 14.0713V1.92871C0.214844 0.863586 1.07843 0 2.14355 0H17.8574C18.9226 0 19.7861 0.863579 19.7861 1.92871V14.0713Z\"><\/path><path d=\"M18.9615 1.90487C19.1716 1.72563 19.4873 1.75047 19.6666 1.96054C19.8455 2.1706 19.8199 2.4855 19.6099 2.66464L11.2388 9.80819L11.2349 9.8121C10.8885 10.1006 10.4513 10.2583 10.0006 10.2584C9.54966 10.2584 9.11265 10.1005 8.76618 9.8121L8.7613 9.80819L0.390202 2.66464C0.180181 2.48539 0.155314 2.17059 0.334538 1.96054C0.513783 1.75052 0.828589 1.72565 1.03864 1.90487L9.40583 9.04354L9.53864 9.13534C9.67838 9.2154 9.83765 9.25839 10.0006 9.25839C10.1632 9.25832 10.3219 9.21529 10.4615 9.13534L10.5943 9.04354L18.9615 1.90487Z\"><\/path><\/svg>\n                <\/div>\n          <\/div>\n                        <div class=\"box-body\">\n                            <h3 class=\"elementskit-info-box-title\">\n                    Mail                <\/h3>\n                        \t\t  \t<p>info@marasdurudis.com<\/p>\n                                <\/div>\n        \n        \n                <\/div>\n                <\/a>\n        <\/div>\t\t\t\t<\/div>\n\t\t\t\t<div class=\"elementor-element elementor-element-e185ef2 elementor-widget__width-inherit ekit-equal-height-disable elementor-widget elementor-widget-elementskit-icon-box\" data-id=\"e185ef2\" data-element_type=\"widget\" data-e-type=\"widget\" data-settings=\"{&quot;ekit_we_effect_on&quot;:&quot;none&quot;}\" data-widget_type=\"elementskit-icon-box.default\">\n\t\t\t\t\t<div class=\"ekit-wid-con\" >        <!-- link opening -->\n                <a href=\"mailto:domain@gmail.com\" class=\"ekit_global_links\">\n                <!-- end link opening -->\n\n        <div class=\"elementskit-infobox text-left text-left icon-lef-right-aligin elementor-animation- media  \">\n                    <div class=\"elementskit-box-header elementor-animation-\">\n                <div class=\"elementskit-info-box-icon  text-center\">\n                    <svg xmlns=\"http:\/\/www.w3.org\/2000\/svg\" width=\"22\" height=\"30\" viewBox=\"0 0 22 30\" fill=\"currentColor\"><path d=\"M19.8916 10.7148C19.8915 8.35638 18.9538 6.0944 17.2861 4.42676C15.6184 2.75919 13.3564 1.82227 10.998 1.82227C8.63957 1.82235 6.37763 2.75909 4.70996 4.42676C3.0423 6.09441 2.10555 8.35639 2.10547 10.7148C2.10547 11.8731 2.64375 13.5507 3.54297 15.498C4.42892 17.4166 5.61707 19.4973 6.81445 21.4277C8.01031 23.3557 9.20768 25.1201 10.1064 26.4033C10.4544 26.9002 10.7577 27.3242 10.998 27.6572C11.2385 27.3241 11.5425 26.9004 11.8906 26.4033C12.7894 25.1201 13.9868 23.3557 15.1826 21.4277C16.3799 19.4974 17.5672 17.4165 18.4531 15.498C19.3523 13.5507 19.8916 11.8731 19.8916 10.7148ZM21.3916 10.7148C21.3916 12.2244 20.7242 14.1589 19.8154 16.127C18.8934 18.1237 17.6702 20.2628 16.457 22.2188C15.2423 24.1772 14.0284 25.9655 13.1191 27.2637C12.6644 27.913 12.2855 28.441 12.0195 28.8066C11.8866 28.9895 11.7816 29.1325 11.71 29.2295C11.6743 29.2778 11.6466 29.3147 11.6279 29.3398C11.6186 29.3524 11.6113 29.3626 11.6064 29.3691C11.6041 29.3723 11.6018 29.3743 11.6006 29.376L11.5996 29.3779L11.5986 29.3789C11.457 29.568 11.2343 29.6797 10.998 29.6797C10.762 29.6796 10.54 29.5679 10.3984 29.3789L10.998 28.9297L10.3975 29.3789V29.3779L10.3955 29.376C10.3943 29.3744 10.3928 29.372 10.3906 29.3691C10.3858 29.3626 10.3785 29.3524 10.3691 29.3398C10.3505 29.3147 10.3228 29.2778 10.2871 29.2295C10.2155 29.1325 10.1105 28.9895 9.97754 28.8066C9.7116 28.441 9.33182 27.9131 8.87695 27.2637C7.96777 25.9656 6.75469 24.177 5.54004 22.2188C4.32685 20.2628 3.10369 18.1236 2.18164 16.127C1.27282 14.1589 0.605469 12.2244 0.605469 10.7148C0.605551 7.95857 1.70044 5.31517 3.64941 3.36621C5.59838 1.41724 8.24174 0.322346 10.998 0.322266C13.7544 0.322266 16.3986 1.41717 18.3477 3.36621C20.2965 5.31516 21.3915 7.95867 21.3916 10.7148Z\"><\/path><path d=\"M13.4639 10.7139C13.4636 9.35306 12.3599 8.25 10.999 8.25C9.63836 8.25018 8.53539 9.35314 8.53516 10.7139C8.53516 12.0748 9.63822 13.1785 10.999 13.1787C12.36 13.1787 13.4639 12.0749 13.4639 10.7139ZM14.9639 10.7139C14.9639 12.9033 13.1884 14.6787 10.999 14.6787C8.80973 14.6785 7.03516 12.9031 7.03516 10.7139C7.03539 8.52477 8.80988 6.75018 10.999 6.75C13.1883 6.75 14.9636 8.52463 14.9639 10.7139Z\"><\/path><\/svg>\n                <\/div>\n          <\/div>\n                        <div class=\"box-body\">\n                            <h3 class=\"elementskit-info-box-title\">\n                    Adres                <\/h3>\n                        \t\t  \t<p>Vadi, Bah\u00e7eci Hoca Blv. Mevapark sitesi 25\/A alt\u0131 No 25\/A, 46050 Oniki\u015fubat\/Kahramanmara\u015f<\/p>\n                                <\/div>\n        \n        \n                <\/div>\n                <\/a>\n        <\/div>\t\t\t\t<\/div>\n\t\t\t\t<\/div>\n\t\t\t\t<\/div>\n\t\t\t\t<\/div>\n\t\t\t\t\t<\/div>\n\t\t\t\t<\/div>\n\t\t<div class=\"elementor-element elementor-element-08b7a3f e-flex e-con-boxed e-con e-parent\" data-id=\"08b7a3f\" data-element_type=\"container\" data-e-type=\"container\">\n\t\t\t\t\t<div class=\"e-con-inner\">\n\t\t\t\t<div class=\"elementor-element elementor-element-3c7f795 elementor-widget elementor-widget-html\" data-id=\"3c7f795\" data-element_type=\"widget\" data-e-type=\"widget\" data-settings=\"{&quot;ekit_we_effect_on&quot;:&quot;none&quot;}\" data-widget_type=\"html.default\">\n\t\t\t\t\t<iframe src=\"https:\/\/www.google.com\/maps\/embed?pb=!1m18!1m12!1m3!1d3161.8233418451873!2d36.86968777613895!3d37.58277737203444!2m3!1f0!2f0!3f0!3m2!1i1024!2i768!4f13.1!3m3!1m2!1s0x152dddd4032356a9%3A0x75c97af6ad616e62!2zRFVSVSBBxJ5JWiBWRSBExLDFniBTQcSeTEnEnkkgUE9MxLBLTMSwTsSwxJ7EsCBLQUhSQU1BTk1BUkHFniAtIE9OxLBLxLDFnlVCQVQgTUFSQcWe!5e0!3m2!1str!2str!4v1765132315991!5m2!1str!2str\" width=\"600\" height=\"450\" style=\"border:0;\" allowfullscreen=\"\" loading=\"lazy\" referrerpolicy=\"no-referrer-when-downgrade\"><\/iframe>\t\t\t\t<\/div>\n\t\t\t\t\t<\/div>\n\t\t\t\t<\/div>\n\t\t\t\t<\/div>\n\t\t","protected":false},"excerpt":{"rendered":"<p>\u0130leti\u015fim Anasayfa Duru A\u011f\u0131z ve Di\u015f Sa\u011fl\u0131\u011f\u0131 Poliklini\u011fi \u0130leti\u015fime Ge\u00e7in ve Bir [&hellip;]<\/p>\n","protected":false},"author":1,"featured_media":0,"parent":0,"menu_order":0,"comment_status":"closed","ping_status":"closed","template":"elementor_header_footer","meta":{"footnotes":""},"class_list":["post-752","page","type-page","status-publish","hentry"],"_links":{"self":[{"href":"https:\/\/www.marasdurudis.com\/index.php?rest_route=\/wp\/v2\/pages\/752","targetHints":{"allow":["GET"]}}],"collection":[{"href":"https:\/\/www.marasdurudis.com\/index.php?rest_route=\/wp\/v2\/pages"}],"about":[{"href":"https:\/\/www.marasdurudis.com\/index.php?rest_route=\/wp\/v2\/types\/page"}],"author":[{"embeddable":true,"href":"https:\/\/www.marasdurudis.com\/index.php?rest_route=\/wp\/v2\/users\/1"}],"replies":[{"embeddable":true,"href":"https:\/\/www.marasdurudis.com\/index.php?rest_route=%2Fwp%2Fv2%2Fcomments&post=752"}],"version-history":[{"count":20,"href":"https:\/\/www.marasdurudis.com\/index.php?rest_route=\/wp\/v2\/pages\/752\/revisions"}],"predecessor-version":[{"id":12840,"href":"https:\/\/www.marasdurudis.com\/index.php?rest_route=\/wp\/v2\/pages\/752\/revisions\/12840"}],"wp:attachment":[{"href":"https:\/\/www.marasdurudis.com\/index.php?rest_route=%2Fwp%2Fv2%2Fmedia&parent=752"}],"curies":[{"name":"wp","href":"https:\/\/api.w.org\/{rel}","templated":true}]}}